{"id":29,"date":"2022-07-04T11:57:37","date_gmt":"2022-07-04T09:57:37","guid":{"rendered":"https:\/\/lasteyrie-avocat.com\/?page_id=29"},"modified":"2024-04-28T21:33:55","modified_gmt":"2024-04-28T19:33:55","slug":"a-propos","status":"publish","type":"page","link":"https:\/\/lasteyrie-avocat.com\/","title":{"rendered":"HOME"},"content":{"rendered":"<p>[vc_row][vc_column]<div data-background=\"https:\/\/lasteyrie-avocat.com\/wp-content\/uploads\/2022\/07\/lasteyrie_avocat_\u00a9studio421-scaled.jpg\" class=\"intro\" style=\"height:525px !important;\"><div class=\"intro-body\"><div class=\"container\"><div class=\"row\"><div class=\"col-md-8 col-md-offset-2\"><h2 style=\"font-family: Kanit, sans-serif;\" class=\"\">Pauline de Lasteyrie<\/h2><h4 style=\"font-family: Kanit, sans-serif;\" class=\"\">Avocat \u00e0 la cour<\/h4><h4 style=\"font-family: Kanit, sans-serif;\" class=\"\">Sp\u00e9cialis\u00e9e en droit immobilier<\/h4><\/div><\/div><\/div><\/div><\/div><script>\njQuery.noConflict()(function($){\n\"use strict\";\n\n        var introHeader = $(\".intro\"),\n            intro = $(\".intro\");\n\n        buildModuleHeader(introHeader);\n\n        $(window).resize(function() {\n            var width = Math.max($(window).width(), window.innerWidth);\n            buildModuleHeader(introHeader);\n        });\n\n        $(window).scroll(function() {\n            effectsModuleHeader(introHeader, this);\n        });\n\n        intro.each(function(i) {\n            if ($(this).attr(\"data-background\")) {\n                $(this).css(\"background-image\", \"url(\" + $(this).attr(\"data-background\") + \")\");\n            }\n        });\n\n\n        function buildModuleHeader(introHeader) {\n        };\n        function effectsModuleHeader(introHeader, scrollTopp) {\n            if (introHeader.length > 0) {\n                var homeSHeight = introHeader.height();\n                var topScroll = $(document).scrollTop();\n                if ((introHeader.hasClass(\"intro\")) && ($(scrollTopp).scrollTop() <= homeSHeight)) {\n                    introHeader.css(\"top\", (topScroll * .4));\n                }\n                if (introHeader.hasClass(\"intro\") && ($(scrollTopp).scrollTop() <= homeSHeight)) {\n                    introHeader.css(\"opacity\", (1 - topScroll\/introHeader.height() * 1));\n                }\n            }\n        };\n});\n\t<\/script>[\/vc_column][\/vc_row][vc_row][vc_column][vc_empty_space height=\u00a0\u00bb100px\u00a0\u00bb][\/vc_column][\/vc_row][vc_row][vc_column width=\u00a0\u00bb1\/2&Prime; el_id=\u00a0\u00bbapropos\u00a0\u00bb]<div class=\"promo-block  \"><h3>A PROPOS<\/h3><p><\/p>\n              <\/div>[vc_column_text]<\/p>\n<p style=\"font-weight: 400;\">Dipl\u00f4m\u00e9e du Master II Droit des affaires et contentieux des affaires de l\u2019Universit\u00e9 Paris X, je me suis sp\u00e9cialis\u00e9e dans le domaine du droit immobilier en exer\u00e7ant au sein de cabinets parisiens r\u00e9put\u00e9s en la mati\u00e8re.<\/p>\n<p style=\"font-weight: 400;\">Depuis plusieurs ann\u00e9es, j\u2019accompagne ainsi une client\u00e8le de particuliers et de professionnels dans l\u2019ensemble de leurs probl\u00e9matiques aff\u00e9rentes au droit immobilier.<\/p>\n<p style=\"font-weight: 400;\">Intervenant tant en conseil qu\u2019en contentieux, mon objectif est de vous assister dans la compr\u00e9hension de vos droits et des probl\u00e9matiques li\u00e9es \u00e0 votre situation, afin de vous permettre de prendre des d\u00e9cisions \u00e9clair\u00e9es et de garantir vos int\u00e9r\u00eats. Dans cette perspective, je mets un point d\u2019honneur \u00e0 traiter mes dossiers avec r\u00e9activit\u00e9, disponibilit\u00e9 et humanit\u00e9, <span style=\"font-weight: 400;\">en intervenant par exemple au titre de l\u2019aide juridictionnelle.<\/span><\/p>\n<p>[\/vc_column_text][\/vc_column][vc_column width=\u00a0\u00bb1\/2&Prime;][vc_single_image image=\u00a0\u00bb126&Prime; img_size=\u00a0\u00bblarge\u00a0\u00bb][\/vc_column][\/vc_row][vc_row][vc_column][vc_empty_space height=\u00a0\u00bb50px\u00a0\u00bb][\/vc_column][\/vc_row][vc_row][vc_column el_id=\u00a0\u00bbcompetences\u00a0\u00bb]<div class=\"promo-block  \"><h3>Comp\u00e9tences<\/h3><p><\/p>\n              <\/div>[\/vc_column][\/vc_row][vc_row][vc_column][vc_column_text]<\/p>\n<h5>Conseil aff\u00e9rent \u00e0 vos droits et obligations<\/h5>\n<p>[\/vc_column_text][\/vc_column][\/vc_row][vc_row][vc_column width=\u00a0\u00bb1\/2&Prime;][vc_column_text]<\/p>\n<p class=\"font7\"><b>Baux d&rsquo;habitation<br \/>\n<\/b>Gestion locative, n\u00e9gociation et r\u00e9daction de baux, questions aff\u00e9rentes \u00e0 la bonne\u00a0ex\u00e9cution du contrat de location,\u00a0d\u00e9livrance\u00a0de cong\u00e9, recouvrement d\u2019impay\u00e9s, expulsions, etc.<\/p>\n<p>[\/vc_column_text][\/vc_column][vc_column width=\u00a0\u00bb1\/2&Prime;][vc_column_text]<\/p>\n<div>\n<p class=\"font7\"><b>Baux professionnels \/\u00a0Baux commerciaux<\/b><span class=\"apple-converted-space\"><br \/>\n<\/span>R\u00e9daction d&rsquo;actes,\u00a0analyse pr\u00e9alable \u00e0 la r\u00e9gularisation du contrat de bail, proc\u00e9dure de renouvellement du droit au bail, fixation du loyer renouvel\u00e9, etc.<\/p>\n<\/div>\n<p>[\/vc_column_text][\/vc_column][\/vc_row][vc_row][vc_column width=\u00a0\u00bb1\/2&Prime;][vc_column_text]<\/p>\n<p class=\"font7\"><b>Copropri\u00e9t\u00e9<br \/>\n<\/b>Gestion des ensembles immobiliers sous le statut de la copropri\u00e9t\u00e9 : analyse de vos droits et obligations \u00e0 la lumi\u00e8re du r\u00e8glement de copropri\u00e9t\u00e9 et des dispositions l\u00e9gislatives, r\u00e9daction de r\u00e9solutions, n\u00e9gociation de contrats, de baux commerciaux, recouvrement d\u2019impay\u00e9s, etc.<\/p>\n<p>[\/vc_column_text][\/vc_column][vc_column width=\u00a0\u00bb1\/2&Prime;][vc_column_text]<\/p>\n<p class=\"font7\"><b>Urbanisme<br \/>\n<\/b>Analyse de vos droits et obligations \u00e0 la lumi\u00e8re\u00a0du PLU et des dispositions l\u00e9gislatives applicables, recours, etc.<\/p>\n<p>[\/vc_column_text][\/vc_column][\/vc_row][vc_row][vc_column][vc_column_text]<\/p>\n<h5>PRECONTENTIEUX &#8211; CONTENTIEUX<\/h5>\n<p>[\/vc_column_text][\/vc_column][\/vc_row][vc_row][vc_column width=\u00a0\u00bb1\/2&Prime;][vc_column_text]<\/p>\n<p class=\"font7\"><strong>N\u00e9gociations et transactions<br \/>\n<\/strong>Dans le cadre d&rsquo;un litige vous opposant \u00e0 votre locataire\/preneur\/bailleur\/copropri\u00e9t\u00e9\/syndic : impay\u00e9s de loyers\/charges, manquements contractuels, fixation du loyer, etc.\u200b<\/p>\n<p>[\/vc_column_text][\/vc_column][vc_column width=\u00a0\u00bb1\/2&Prime;][vc_column_text]<\/p>\n<p class=\"font7\"><b>Assistance et repr\u00e9sentation<br \/>\n<\/b>Dans le cadre de pr\u00e9contentieux et contentieux devant l&rsquo;ensemble des juridictions comp\u00e9tentes en mati\u00e8re de droit immobilier : proc\u00e9dure de r\u00e9f\u00e9r\u00e9, proc\u00e9dure au fond, proc\u00e9dures d&rsquo;ex\u00e9cutions, proc\u00e9dure d&rsquo;appel, recours administratifs, etc.<\/p>\n<p>[\/vc_column_text][\/vc_column][\/vc_row][vc_row][vc_column][vc_empty_space height=\u00a0\u00bb50px\u00a0\u00bb][\/vc_column][\/vc_row][vc_row][vc_column el_id=\u00a0\u00bbcontact\u00a0\u00bb][vc_column_text el_id=\u00a0\u00bb#contact\u00a0\u00bb]<\/p>\n<h3>CONTACT<\/h3>\n<p>[\/vc_column_text][\/vc_column][\/vc_row][vc_row][vc_column width=\u00a0\u00bb1\/2&Prime;][vc_column_text]<\/p>\n<p style=\"font-weight: 400;\">LASTEYRIE AVOCAT<br \/>\n20, rue de la Tr\u00e9moille<br \/>\n75008 Paris &#8211; France<\/p>\n<p><span style=\"font-weight: 400;\"><a href=\"mailto:pauline@lasteyrie-avocat.com\">pauline@lasteyrie-avocat.com<\/a><br \/>\nT\u00e9l\u00e9phone : +33 1 84 60 80 99<br \/>\nToque\u00a0: G0013<\/span>[\/vc_column_text][\/vc_column][vc_column width=\u00a0\u00bb1\/2&Prime;]<div role=\"form\" class=\"wpcf7\" id=\"wpcf7-f17-o1\" lang=\"fr-FR\" dir=\"ltr\">\n<div class=\"screen-reader-response\"><p role=\"status\" aria-live=\"polite\" aria-atomic=\"true\"><\/p> <ul><\/ul><\/div>\n<form action=\"\/index.php\/wp-json\/wp\/v2\/pages\/29#wpcf7-f17-o1\" method=\"post\" class=\"wpcf7-form init\" novalidate=\"novalidate\" data-status=\"init\">\n<div style=\"display: none;\">\n<input type=\"hidden\" name=\"_wpcf7\" value=\"17\" \/>\n<input type=\"hidden\" name=\"_wpcf7_version\" value=\"5.6\" \/>\n<input type=\"hidden\" name=\"_wpcf7_locale\" value=\"fr_FR\" \/>\n<input type=\"hidden\" name=\"_wpcf7_unit_tag\" value=\"wpcf7-f17-o1\" \/>\n<input type=\"hidden\" name=\"_wpcf7_container_post\" value=\"0\" \/>\n<input type=\"hidden\" name=\"_wpcf7_posted_data_hash\" value=\"\" \/>\n<input type=\"hidden\" name=\"_wpcf7_recaptcha_response\" value=\"\" \/>\n<\/div>\n<p><label> Nom<br \/>\n    <span class=\"wpcf7-form-control-wrap\" data-name=\"your-name\"><input type=\"text\" name=\"your-name\" value=\"\" size=\"40\" class=\"wpcf7-form-control wpcf7-text wpcf7-validates-as-required\" aria-required=\"true\" aria-invalid=\"false\" \/><\/span> <\/label><\/p>\n<p><label> Email<br \/>\n    <span class=\"wpcf7-form-control-wrap\" data-name=\"your-email\"><input type=\"email\" name=\"your-email\" value=\"\" size=\"40\" class=\"wpcf7-form-control wpcf7-text wpcf7-email wpcf7-validates-as-required wpcf7-validates-as-email\" aria-required=\"true\" aria-invalid=\"false\" \/><\/span> <\/label><\/p>\n<p><label> Sujet<br \/>\n    <span class=\"wpcf7-form-control-wrap\" data-name=\"your-subject\"><input type=\"text\" name=\"your-subject\" value=\"\" size=\"40\" class=\"wpcf7-form-control wpcf7-text wpcf7-validates-as-required\" aria-required=\"true\" aria-invalid=\"false\" \/><\/span> <\/label><\/p>\n<p><label> Votre message (optional)<br \/>\n    <span class=\"wpcf7-form-control-wrap\" data-name=\"your-message\"><textarea name=\"your-message\" cols=\"40\" rows=\"10\" class=\"wpcf7-form-control wpcf7-textarea\" aria-invalid=\"false\"><\/textarea><\/span> <\/label><\/p>\n<p><input type=\"submit\" value=\"Envoyez\" class=\"wpcf7-form-control has-spinner wpcf7-submit\" \/><\/p>\n<div class=\"wpcf7-response-output\" aria-hidden=\"true\"><\/div><\/form><\/div>[\/vc_column][\/vc_row][vc_row][vc_column][vc_empty_space height=\u00a0\u00bb50px\u00a0\u00bb][\/vc_column][\/vc_row]<\/p>\n","protected":false},"excerpt":{"rendered":"<p>[vc_row][vc_column][\/vc_column][\/vc_row][vc_row][vc_column][vc_empty_space height=\u00a0\u00bb100px\u00a0\u00bb][\/vc_column][\/vc_row][vc_row][vc_column width=\u00a0\u00bb1\/2&Prime; el_id=\u00a0\u00bbapropos\u00a0\u00bb][vc_column_text] Dipl\u00f4m\u00e9e du Master II Droit des affaires et contentieux des affaires de l\u2019Universit\u00e9 Paris X, je me suis sp\u00e9cialis\u00e9e dans le domaine du droit immobilier en exer\u00e7ant au sein de cabinets parisiens r\u00e9put\u00e9s en la mati\u00e8re. Depuis plusieurs ann\u00e9es, j\u2019accompagne ainsi une client\u00e8le de particuliers et de professionnels dans l\u2019ensemble de&#8230;<\/p>\n","protected":false},"author":3,"featured_media":0,"parent":0,"menu_order":0,"comment_status":"closed","ping_status":"closed","template":"homepage.php","meta":{"footnotes":""},"class_list":["post-29","page","type-page","status-publish","hentry"],"_links":{"self":[{"href":"https:\/\/lasteyrie-avocat.com\/index.php\/wp-json\/wp\/v2\/pages\/29","targetHints":{"allow":["GET"]}}],"collection":[{"href":"https:\/\/lasteyrie-avocat.com\/index.php\/wp-json\/wp\/v2\/pages"}],"about":[{"href":"https:\/\/lasteyrie-avocat.com\/index.php\/wp-json\/wp\/v2\/types\/page"}],"author":[{"embeddable":true,"href":"https:\/\/lasteyrie-avocat.com\/index.php\/wp-json\/wp\/v2\/users\/3"}],"replies":[{"embeddable":true,"href":"https:\/\/lasteyrie-avocat.com\/index.php\/wp-json\/wp\/v2\/comments?post=29"}],"version-history":[{"count":38,"href":"https:\/\/lasteyrie-avocat.com\/index.php\/wp-json\/wp\/v2\/pages\/29\/revisions"}],"predecessor-version":[{"id":136,"href":"https:\/\/lasteyrie-avocat.com\/index.php\/wp-json\/wp\/v2\/pages\/29\/revisions\/136"}],"wp:attachment":[{"href":"https:\/\/lasteyrie-avocat.com\/index.php\/wp-json\/wp\/v2\/media?parent=29"}],"curies":[{"name":"wp","href":"https:\/\/api.w.org\/{rel}","templated":true}]}}