{"id":73,"date":"2022-07-04T14:08:04","date_gmt":"2022-07-04T12:08:04","guid":{"rendered":"https:\/\/lasteyrie-avocat.com\/?page_id=73"},"modified":"2022-07-11T10:23:31","modified_gmt":"2022-07-11T08:23:31","slug":"mentions-legales","status":"publish","type":"page","link":"https:\/\/lasteyrie-avocat.com\/index.php\/mentions-legales\/","title":{"rendered":"Mentions l\u00e9gales"},"content":{"rendered":"<p>[vc_row][vc_column][vc_empty_space height=\u00a0\u00bb150px\u00a0\u00bb][\/vc_column][\/vc_row][vc_row][vc_column][vc_column_text]CONTACT<\/p>\r\n\r\n<p>Pauline de Lasteyrie\u00a0<br \/>20, rue de la Tr\u00e9moille\u00a0<br \/>75008 Paris<br \/>SIRET : 820 653 731 00043<br \/>T\u00e9l\u00e9phone\u00a0:\u00a001.84.60.80.99\u00a0<br \/><a href=\"mailto:pauline@lasteyrie-avocat.com\">pauline@lasteyrie-avocat.com<\/a><\/p>\r\n\r\n<p>Directeur de la publication : Pauline de Lasteyrie\u00a0<br \/>D\u00e9veloppement web &amp; webmaster :\u00a0Studio 421, 101 rue de S\u00e8vres, 75006 Paris &#8211; France<\/p>\r\n\r\n<p>HONORAIRES\u00a0<\/p>\r\n\r\n<p>Le co\u00fbt de l&rsquo;intervention du cabinet repose sur une m\u00e9thode de facturation transparente et d\u00e9taill\u00e9e permettant aux clients de conna\u00eetre \u00e0 l&rsquo;avance le montant de l&rsquo;intervention selon une convention d&rsquo;honoraires.<\/p>\r\n\r\n<p>H\u00c9BERGEMENT<\/p>\r\n\r\n<p>Le Site est h\u00e9berg\u00e9 par\u00a0OVH,\u00a0SAS au capital de 10 069 020 \u20ac,\u00a0immatricul\u00e9e <br data-reader-unique-id=\"13\" \/>au\u00a0RCS Lille M\u00e9tropole 424 761 419 00045,\u00a0ayant son si\u00e8ge social : 2 rue Kellermann \u2013 59100 Roubaix \u2013 France.<\/p>\r\n<p data-reader-unique-id=\"14\">OVH SAS est une filiale de la soci\u00e9t\u00e9 OVH Groupe SAS, soci\u00e9t\u00e9 immatricul\u00e9e au RCS de Lille sous le num\u00e9ro 537 407 926 sise 2, rue Kellermann, 59100 Roubaix.<\/p>\r\n\r\n<p>INFORMATIQUE ET LIBERT\u00c9S<\/p>\r\n\r\n<p>Le site est susceptible de recueillir certaines informations nominatives vous concernant. Ces informations sont exclusivement destin\u00e9es \u00e0 vous fournir toute information sur notre Cabinet et ses services.<\/p>\r\n<p>Ces donn\u00e9es sont trait\u00e9es conform\u00e9ment \u00e0 la loi n\u00b0 78-17 du 6 janvier 1978 relative \u00e0 l\u2019informatique, aux fichiers et aux libert\u00e9s, qui vous autorise \u00e0 demander \u00e0 tout moment la communication des informations vous concernant \u00e0 l\u2019adresse<\/p>\r\n\r\n<p>PROPRI\u00c9T\u00c9 INTELLECTUELLE<\/p>\r\n\r\n<p>L\u2019utilisation du site ne vous conf\u00e8re aucun droit. Ces droits restent la propri\u00e9t\u00e9 exclusive du Cabinet Lasteyrie Avocat.<\/p>\r\n<p>Tous les textes, articles, \u00e9tudes, photos, donn\u00e9es, logos, marques et autres \u00e9l\u00e9ments reproduits sur le Site sont r\u00e9serv\u00e9s et prot\u00e9g\u00e9s par le droit de la propri\u00e9t\u00e9 intellectuelle, notamment droits d\u2019auteur, droits voisins, droits des marques.\u00a0A ce titre, et conform\u00e9ment au Code de la Propri\u00e9t\u00e9 Intellectuelle, seule l\u2019utilisation pour un usage priv\u00e9 dans un cercle de famille est autoris\u00e9e et toute autre utilisation est constitutive de contrefa\u00e7on et\/ou d\u2019atteinte aux droits voisins, sanctionn\u00e9es par ledit Code.<\/p>\r\n<p>En cons\u00e9quence, vous ne pouvez en aucun cas et d\u2019aucune mani\u00e8re, reproduire, repr\u00e9senter, diffuser, commercialiser, modifier, conc\u00e9der tout ou partie de l\u2019un quelconque des \u00e9l\u00e9ments reproduits sur le site et tout ou partie du site en g\u00e9n\u00e9ral, sans l\u2019accord pr\u00e9alable et express du Cabinet Lasteyrie Avocat. Toute utilisation illicite de tout ou partie du site (piratage, contrefa\u00e7on, etc.) pourra donner lieu \u00e0 des poursuites.<\/p>\r\n\r\n<p>COOKIES (TRACEURS)<\/p>\r\n\r\n<p>Le Site collecte des informations destin\u00e9es \u00e0 permettre d\u2019identifier les internautes. Ces informations sont destin\u00e9es exclusivement au suivi du trafic sur le Site.\u00a0Ce suivi peut \u00eatre d\u00e9sactiv\u00e9 dans les param\u00e8tres de votre navigateur.<\/p>\r\n\r\n<p>RGPD<\/p>\r\n\r\n<p>En application des articles 13 et 14 du R\u00e8glement europ\u00e9en G\u00e9n\u00e9ral sur la Protection des Donn\u00e9es (2016\/679) et de l\u2019article 32 de la loi Informatique et Libert\u00e9s du 6 janvier 1978 modif\u00e9e, le Directeur de Publication du Site vous informe que :\u00a0<\/p>\r\n\r\n\r\n\r\n<ol class=\"wp-block-list\" type=\"1\">\r\n<li>Le responsable du fichier est le Cabinet Lasteyrie Avocat ;<\/li>\r\n<li>L\u2019ensemble de vos donn\u00e9es personnelles est prot\u00e9g\u00e9 ;\u00a0<\/li>\r\n<li>Pour la protection de votre vie priv\u00e9e, dans le cadre du traitement de votre dossier, qu\u2019il s\u2019agisse d\u2019un dossier juridique, judiciaire ou d\u2019arbitrage ;<\/li>\r\n<li>Dans un registre, tenu par le Cabinet Lasteyrie Avocat\u00a0;<\/li>\r\n<li>Vos donn\u00e9es sont trait\u00e9es et conserv\u00e9es par le Cabinet Lasteyrie Avocat d\u00e8s votre prise d\u2019attache, y compris pour le simple \u00e9tablissement d\u2019un devis ou lors de la prise d\u2019un rendez-vous<\/li>\r\n<\/ol>\r\n\r\n<p>Elles ne seront conserv\u00e9es que 52 semaines dans l\u2019hypoth\u00e8se o\u00f9 le rendez-vous ne serait pas honor\u00e9.<\/p>\r\n\r\n<p>Dans tous les autres cas, elles seront conserv\u00e9es pendant un d\u00e9lai de 5 ann\u00e9es \u00e0 compter du dernier acte juridique ou judiciaire r\u00e9alis\u00e9 par le Cabinet Lasteyrie Avocat.<\/p>\r\n\r\n\r\n\r\n<ol class=\"wp-block-list\" start=\"6\" type=\"1\">\r\n<li>par un syst\u00e8me informatique prot\u00e9g\u00e9 et s\u00e9curis\u00e9<\/li>\r\n<\/ol>\r\n\r\n<p>M\u00c9DIATION<\/p>\r\n\r\n<p>Conform\u00e9ment aux dispositions des articles L.612-1 et suivants du Code de la consommation, vous avez la possibilit\u00e9, en cas de litige, de recourir gratuitement au M\u00e9diateur de la consommation aupr\u00e8s du Conseil National des Barreaux (CNB) dont les coordonn\u00e9es sont les suivantes : CNB, M\u00e9diateur \u00e0 la consommation, 180 boulevard Haussmans &#8211; 75008 Paris<\/p>\r\n\r\n<p>CNIL\u00a0<\/p>\r\n\r\n<p>\u00a0Si vous estimez, apr\u00e8s nous avoir contact\u00e9s, que vos droits sur vos donn\u00e9es ne sont pas respect\u00e9s, vous pouvez adresser une plainte \u00e0 la CNIL qui est l&rsquo;autorit\u00e9 de contr\u00f4le comp\u00e9tente.\u00a0<\/p>\r\n\r\n<p>MEDIATEUR A LA CONSOMMATION<\/p>\r\n\r\n<p>Conform\u00e9ment aux dispositions des articles L.612 et suivants du Code de la consommation, vous avez la possibilit\u00e9, en cas de litige, de recourir gratuitement au m\u00e9diateur \u00e0 la consommation aupr\u00e8s du Conseil National des Barreaux (CNB) dont les coordonn\u00e9es sont les suivantes : CNB, m\u00e9diateur \u00e0 la consommation, 180, Boulevard Haussmann &#8211; 75008 Paris. Pour plus d&rsquo;informations, vous pouvez\u00a0 vous connecter sur la plateforme\u00a0<a href=\"http:\/\/www.economie.gouv.fr\/mediation-conso\" target=\"_blank\" rel=\"noreferrer noopener\">www.economie.gouv.fr\/mediation-conso<\/a>.<\/p>\r\n<p>[\/vc_column_text][\/vc_column][\/vc_row]<\/p>","protected":false},"excerpt":{"rendered":"<p>[vc_row][vc_column][vc_empty_space height=\u00a0\u00bb150px\u00a0\u00bb][\/vc_column][\/vc_row][vc_row][vc_column][vc_column_text]CONTACT Pauline de Lasteyrie\u00a020, rue de la Tr\u00e9moille\u00a075008 ParisSIRET : 820 653 731 00043T\u00e9l\u00e9phone\u00a0:\u00a001.84.60.80.99\u00a0pauline@lasteyrie-avocat.com Directeur de la publication : Pauline de Lasteyrie\u00a0D\u00e9veloppement web &amp; webmaster :\u00a0Studio 421, 101 rue de S\u00e8vres, 75006 Paris &#8211; France HONORAIRES\u00a0 Le co\u00fbt de l&rsquo;intervention du cabinet repose sur une m\u00e9thode de facturation transparente et d\u00e9taill\u00e9e permettant aux clients&#8230;<\/p>\n","protected":false},"author":3,"featured_media":68,"parent":0,"menu_order":0,"comment_status":"closed","ping_status":"closed","template":"visual-composer.php","meta":{"footnotes":""},"class_list":["post-73","page","type-page","status-publish","has-post-thumbnail","hentry"],"_links":{"self":[{"href":"https:\/\/lasteyrie-avocat.com\/index.php\/wp-json\/wp\/v2\/pages\/73","targetHints":{"allow":["GET"]}}],"collection":[{"href":"https:\/\/lasteyrie-avocat.com\/index.php\/wp-json\/wp\/v2\/pages"}],"about":[{"href":"https:\/\/lasteyrie-avocat.com\/index.php\/wp-json\/wp\/v2\/types\/page"}],"author":[{"embeddable":true,"href":"https:\/\/lasteyrie-avocat.com\/index.php\/wp-json\/wp\/v2\/users\/3"}],"replies":[{"embeddable":true,"href":"https:\/\/lasteyrie-avocat.com\/index.php\/wp-json\/wp\/v2\/comments?post=73"}],"version-history":[{"count":10,"href":"https:\/\/lasteyrie-avocat.com\/index.php\/wp-json\/wp\/v2\/pages\/73\/revisions"}],"predecessor-version":[{"id":107,"href":"https:\/\/lasteyrie-avocat.com\/index.php\/wp-json\/wp\/v2\/pages\/73\/revisions\/107"}],"wp:featuredmedia":[{"embeddable":true,"href":"https:\/\/lasteyrie-avocat.com\/index.php\/wp-json\/wp\/v2\/media\/68"}],"wp:attachment":[{"href":"https:\/\/lasteyrie-avocat.com\/index.php\/wp-json\/wp\/v2\/media?parent=73"}],"curies":[{"name":"wp","href":"https:\/\/api.w.org\/{rel}","templated":true}]}}